{"id":579,"date":"2023-12-27T17:14:40","date_gmt":"2023-12-27T14:14:40","guid":{"rendered":"https:\/\/acechemtanker.com\/?page_id=579"},"modified":"2023-12-27T17:17:49","modified_gmt":"2023-12-27T14:17:49","slug":"kvkk-politikasi","status":"publish","type":"page","link":"https:\/\/acechemtanker.com\/index.php\/kvkk-politikasi\/","title":{"rendered":"KVKK Politikas\u0131"},"content":{"rendered":"\t\t<div data-elementor-type=\"wp-page\" data-elementor-id=\"579\" class=\"elementor elementor-579\">\n\t\t\t\t<div class=\"elementor-element elementor-element-ccf3bed e-flex e-con-boxed e-con e-parent\" data-id=\"ccf3bed\" data-element_type=\"container\">\n\t\t\t\t\t<div class=\"e-con-inner\">\n\t\t\t\t<div class=\"elementor-element elementor-element-b58902e elementor-widget elementor-widget-heading\" data-id=\"b58902e\" data-element_type=\"widget\" data-widget_type=\"heading.default\">\n\t\t\t\t<div class=\"elementor-widget-container\">\n\t\t\t\t\t<h4 class=\"elementor-heading-title elementor-size-default\"><h2 style=\"text-transform: none;font-style: normal\">KVKK POL\u0130T\u0130KASI:<\/h2><div><br><\/div><\/h4>\t\t\t\t<\/div>\n\t\t\t\t<\/div>\n\t\t\t\t\t<\/div>\n\t\t\t\t<\/div>\n\t\t<div class=\"elementor-element elementor-element-5a00a1dd e-flex e-con-boxed e-con e-parent\" data-id=\"5a00a1dd\" data-element_type=\"container\">\n\t\t\t\t\t<div class=\"e-con-inner\">\n\t\t\t\t<div class=\"elementor-element elementor-element-2802743a elementor-widget elementor-widget-text-editor\" data-id=\"2802743a\" data-element_type=\"widget\" data-widget_type=\"text-editor.default\">\n\t\t\t\t<div class=\"elementor-widget-container\">\n\t\t\t\t\t\t\t\t\t<h6><strong style=\"font-size: 30px; font-style: inherit; text-transform: inherit; color: var( --e-global-color-text ); font-family: var( --e-global-typography-text-font-family ), Sans-serif; text-align: var(--text-align);\">K\u0130\u015e\u0130SEL VER\u0130LER\u0130N KORUNMASI VE \u0130\u015eLENMES\u0130 POL\u0130T\u0130KASI<\/strong><\/h6>\n<h6><strong style=\"font-size: 30px; font-style: inherit; text-transform: inherit; color: var( --e-global-color-text ); font-family: var( --e-global-typography-text-font-family ), Sans-serif; text-align: var(--text-align);\"><br><\/strong><\/h6>\n<h3>ACECHEM TANKER K\u0130\u015e\u0130SEL VER\u0130LER\u0130N KORUNMASI VE \u0130\u015eLENMES\u0130 HAKKINDA B\u0130LG\u0130LEND\u0130RME METN\u0130:<\/h3><div><br><\/div>\n<p>\u0130\u015fbu bilgilendirmenin temel amac\u0131, ACECEHM TANKER taraf\u0131ndan Ki\u015fisel Verilerin Korunmas\u0131 Kanunu (&#8220;KVKK&#8221;) uyar\u0131nca, Veri Sorumlusu s\u0131fat\u0131yla, hukuka uygun bir bi\u00e7imde y\u00fcr\u00fct\u00fclen ki\u015fisel veri (ki\u015fisel ve \u00f6zel nitelikli ki\u015fisel veriler bundan b\u00f6yle &#8220;veri&#8221; olarak an\u0131lacakt\u0131r) i\u015fleme faaliyeti ve ki\u015fisel verilerin korunmas\u0131na y\u00f6nelik sizleri bilgilendirerek \u015feffafli\u011fi sa\u011flamakt\u0131r.<br>KVKK uyar\u0131nca, ACECEHM TANKER (bundan b\u00f6yle &#8220;\u015eirket&#8221; olarak an\u0131lacakt\u0131r) taraf\u0131ndan elde edilen ki\u015fisel ve \u00f6zel nitelikli ki\u015fisel verilerinizin \u015eirketimiz taraf\u0131ndan i\u015flenmesi (tamamen veya k\u0131smen herhangi bir veri kay\u0131t sisteminin par\u00e7as\u0131 olmak kayd\u0131yla otomatik olmayan yollarla elde edilmesi, kaydedilmesi, depolanmas\u0131, muhafaza edilmesi, de\u011fistirilmesi, yeniden d\u00fczenlenmesi, a\u00e7\u0131klanmas\u0131, aktar\u0131lmas\u0131) ancak a\u00e7\u0131k \u015fekilde onay vermeniz ve ilgili bilgiyi iradeniz ile taraf\u0131m\u0131zla payla\u015fman\u0131z ile m\u00fcmk\u00fcn olacakt\u0131r.<\/p>\n<h4>K\u0130\u015e\u0130SEL VER\u0130LER\u0130N\u0130Z\u0130N \u0130\u015eLENME AMA\u00c7LARI:<\/h4>\n<p>Ki\u015fisel verileriniz, \u015eirketimiz taraf\u0131ndan sa\u011flanan hizmet ve \u015eirketimizin ticari faaliyetlerine ba\u011fl\u0131 olarak de\u011fi\u015fkenlik g\u00f6sterebilmekle birlikte; otomatik ya da otomatik olmayan y\u00f6ntemlerle, \u015eirketimiz birimleri ve ofisler, internet sitesi, sosyal medya mecralar\u0131, mobil uygulamalar ve benzeri vas\u0131talarla s\u00f6zl\u00fc, yaz\u0131l\u0131 ya da elektronik olarak toplanabilecektir.<br>Ayr\u0131ca, Ki\u015fisel verileriniz, \u015eirketimizin sundu\u011fu \u00fcr\u00fcn ve hizmetlerden yararland\u0131\u011f\u0131n\u0131z m\u00fcddet\u00e7e olu\u015fturularak ve g\u00fcncellenerek KVKK&#8217;nin &#8220;Ki\u015fisel Verilerin \u0130\u015flenme \u015eartlar\u0131&#8221; ba\u015fl\u0131kl\u0131 5. ve &#8220;\u00d6zel Nitelikli Ki\u015fisel Verilerin \u0130\u015flenme \u015eartlar\u0131&#8221; ba\u015fl\u0131kl\u0131 6. maddelerinde belirtilen ki\u015fisel veri i\u015fleme \u015fartlar\u0131na g\u00f6re i\u015flenebilecektir.<br>Ki\u015fisel verilerinizin i\u015flenmesindeki ama\u00e7 say\u0131lanlarla s\u0131n\u0131rl\u0131 olmaks\u0131z\u0131n a\u015fa\u011f\u0131da belirtilmi\u015ftir;<\/p>\n<ul>\n<li>\u015eirket taraf\u0131ndan gerekli \u00fcr\u00fcn ve hizmetleri sunabilmek, hizmete ili\u015fkin gerekli bilgilendirmeleri yapabilmek,<\/li>\n<li>\u015eirket taraf\u0131ndan sunulabilecek di\u011fer \u00fcr\u00fcn ve hizmetlerden taraf\u0131n\u0131z\u0131 faydaland\u0131rmak i\u00e7in gerekli \u00e7al\u0131\u015fmalar\u0131 yapabilmek,<\/li>\n<li>\u015eirket taraf\u0131ndan ilgili mevzuat ve kamu otoritelerince \u00f6ng\u00f6r\u00fclen faaliyetleri yerine getirebilmek,<\/li>\n<li>\u015eirket ile i\u015f ili\u015fkisi i\u00e7erisinde olan t\u00fcm ger\u00e7ek ki\u015filerin hukuki ve ticari g\u00fcvenli\u011fini temin edebilmek,<\/li>\n<li>\u015eirket&#8217;in ticaret politikalar\u0131n\u0131 belirleyebilmek ve uygulayabilmek,<\/li>\n<li>\u015eirket&#8217;in insan kaynaklar\u0131 politikalar\u0131n\u0131 y\u00fcr\u00fctebilmek,<\/li>\n<\/ul>\n<h3>K\u0130\u015e\u0130SEL VER\u0130LER\u0130N\u0130Z\u0130N AKTARILMASI:<\/h3>\n<p>Ki\u015fisel verileriniz, \u015eirket ile, \u015eirket&#8217;in hissedarlar\u0131na, \u015eirket \u00e7al\u0131\u015fanlar\u0131na, tedarik\u00e7ilere, bayilere, i\u015f ortaklar\u0131na, dan\u0131\u015fmanlara, d\u0131\u015f hizmet sa\u011flay\u0131c\u0131lara ve kanunen yetkili kamu kurum ve kurulu\u015flara ve \u00f6zel ki\u015filere KVKK&#8217;nin &#8220;Ki\u015fisel Verilerin Aktar\u0131lmas\u0131&#8221; ba\u015fl\u0131kl\u0131 8. ve &#8220;Ki\u015fisel Verilerin Yurt D\u0131\u015f\u0131na Aktar\u0131lmas\u0131&#8221; ba\u015fl\u0131kl\u0131 9. maddelerinde belirtilen \u015fartlar dahilinde aktar\u0131labilecektir.<\/p>\n<p>Ki\u015fisel verilerinizin aktar\u0131lmasindaki ama\u00e7 say\u0131lanlarla s\u0131n\u0131rl\u0131 olmaks\u0131z\u0131n a\u015fa\u011f\u0131da belirtilmi\u015ftir;<\/p>\n<ul>\n<li>\u015eirket taraf\u0131ndan gerekli \u00fcr\u00fcn ve hizmetleri sunabilmek,&nbsp;hizmete ili\u015fkin gerekli bilgilendirmeleri yapabilmek,<\/li>\n<li>\u015eirket taraf\u0131ndan sunulabilecek di\u011fer \u00fcr\u00fcn ve hizmetlerden taraf\u0131n\u0131z\u0131 faydaland\u0131rmak i\u00e7in gerekli \u00e7al\u0131\u015fmalar\u0131 yapabilmek,<\/li>\n<li>\u015eirket taraf\u0131ndan ilgili mevzuat ve kamu otoritelerince \u00f6ng\u00f6r\u00fclen faaliyetleri yerine getirebilmek,<\/li>\n<li>\u015eirket ile i\u015f ili\u015fkisi i\u00e7erisinde olan t\u00fcm ger\u00e7ek ki\u015filerin hukuki ve ticari g\u00fcvenli\u011fini temin edebilmek<\/li>\n<li>\u015eirket&#8217;in ticaret politikalar\u0131n\u0131 belirleyebilmek ve uygulayabilmek,<\/li>\n<li>\u015eirket&#8217;in insan kaynaklar\u0131 politikalar\u0131n\u0131 y\u00fcr\u00fctebilmek,<\/li>\n<\/ul>\n<h3>K\u0130\u015e\u0130SEL VER\u0130LER\u0130N\u0130Z\u0130N TOPLANMASININ Y\u00d6NTEM\u0130 VE HUKUK\u0130 SEBEPLER\u0130:<\/h3>\n<p>Ki\u015fisel verileriniz, faaliyetlerimizi s\u00fcrd\u00fcrmek amac\u0131yla ve mevzuata ayr\u0131ca \u015eirket politikalar\u0131na uyumun sa\u011flanabilmesi sebebine dayan\u0131larak elektronik ortamda veya s\u00f6zl\u00fc veya yaz\u0131l\u0131 olarak toplanmaktad\u0131r. Toplanan ki\u015fisel verileriniz KVKK&#8217;nin &#8220;Ki\u015fisel Verilerin \u0130\u015flenme \u015eartlari&#8221; ba\u015fl\u0131kl\u0131 5. ve &#8220;\u00d6zel Nitelikli Ki\u015fisel Verilerin \u0130\u015flenme \u015eartlari&#8221; ba\u015fl\u0131kl\u0131 6. maddelerinde belirtilen ki\u015fisel veri i\u015fleme \u015fartlar\u0131 ve ama\u00e7lar\u0131 kapsam\u0131nda i\u015fbu Bilgilendirme Metninde detayl\u0131 \u015fekilde belirtilmi\u015f ama\u00e7larla da i\u015flenebilmekte ve aktar\u0131labilmektedir.<\/p>\n<h3>K\u0130\u015e\u0130SEL VER\u0130LER\u0130N KORUNMASI KANUNU UYARINCA HAKLARINIZ:<\/h3>\n<p>KVKK&#8217;nin 11. maddesi uyar\u0131ca sahip oldu\u011funuz haklar a\u015fag\u0131dak\u0131 gibidir;<\/p>\n<ul>\n<li>Ki\u015fisel veri i\u015flenip i\u015flenmedi\u011fini \u00f6grenme,<\/li>\n<li>Ki\u015fisel verileri i\u015flenmisse buna ili\u015fkin bilgi talep etme,<\/li>\n<li>Ki\u015fisel verilerin i\u015flenme amac\u0131n\u0131 ve bunlar\u0131n amac\u0131na uygun kullan\u0131l\u0131p kullanilmad\u0131\u011f\u0131n\u0131 \u00f6grenme,<\/li>\n<li>Yurt i\u00e7inde veya yurt d\u0131\u015f\u0131nda ki\u015fisel verilerin aktar\u0131ld\u0131\u011f\u0131 \u00fc\u00e7\u00fcnc\u00fc ki\u015fileri bilme,<\/li>\n<li>Ki\u015fisel verilerin eksik veya yanl\u0131\u015f i\u015flenmi\u015f olmas\u0131 h\u00e2linde bunlar\u0131n d\u00fczeltilmesini ve bu kapsamda yap\u0131lan i\u015flemlerin ki\u015fisel verilerin aktar\u0131ld\u0131\u011f\u0131 \u00fc\u00e7\u00fcnc\u00fc ki\u015filere bildirilmesini isteme,<\/li>\n<li>KVKK ve ilgili di\u011fer kanun h\u00fck\u00fcmlerinde \u00f6ng\u00f6r\u00fclen \u015fartlar \u00e7er\u00e7evesinde ki\u015fisel verilerin silinmesini veya yok edilmesini isteme ve bu kapsamda yap\u0131lan i\u015flemlerin ki\u015fisel verilerin aktar\u0131ld\u0131\u011f\u0131 \u00fc\u00e7\u00fcnc\u00fc ki\u015filere bildirilmesini isteme,<\/li>\n<li>\u0130\u015flenen verilerin m\u00fcnhas\u0131ran otomatik sistemler vas\u0131tas\u0131yla analiz edilmesi suretiyle ki\u015finin kendisi aleyhine bir sonucun ortaya \u00e7\u0131kmas\u0131na itiraz etme,<\/li>\n<li>Ki\u015fisel verilerin kanuna ayk\u0131r\u0131 olarak i\u015flenmesi sebebiyle zarara u\u011framas\u0131 h\u00e2linde zarar\u0131n giderilmesini talep etme.<\/li>\n<\/ul>\n<p>KVKK&#8217;nin 11. maddesi uyar\u0131ca sahip oldu\u011funuz haklar\u0131n\u0131z\u0131 kullanmak istemeniz halinde, ba\u015fvurular\u0131n\u0131z\u0131 yaz\u0131l\u0131 olarak &#8221; ACECEHM TANKER , Ayd\u0131ntepe Mahallesi, G\u00fczin Sokak, No: 9\/1, 34947, Tuzla \/ \u0130stanbul&#8221; adresine, kimli\u011finizi tespit edici belgeler ile elden teslim edebilir ya da noter kanal\u0131yla ya da iadeli taahh\u00fctl\u00fc mektupla g\u00f6nderebilirsiniz.<br>Ba\u015fvurunuzda yer alan talepleriniz, talebin niteli\u011fine g\u00f6re en k\u0131sa s\u00fcrede ve en ge\u00e7 30 (otuz) g\u00fcn i\u00e7inde \u00fccretsiz olarak sonu\u00e7land\u0131r\u0131lacak ve sonu\u00e7 yaz\u0131l\u0131 olarak ya da elektronik ortamda taraf\u0131n\u0131za bildirilecektir. Ancak, i\u015flemin ayr\u0131ca bir maliyet gerektirmesi halinde, taraf\u0131n\u0131zdan Ki\u015fisel Verileri Koruma Kurulu taraf\u0131ndan belirlenen tarifedeki \u00fccret talep edilerek al\u0131nacakt\u0131r.<\/p>\n<h3>G\u00dcVENL\u0130K:<\/h3>\n<p>\u015eirket, KVKK&#8217;nin 12. maddesine uygun olarak, i\u015flemekte oldu\u011fu ki\u015fisel verilerin hukuka ayk\u0131r\u0131 olarak i\u015flenmesini \u00f6nlemek, verilere hukuka ayk\u0131r\u0131 olarak eri\u015filmesini \u00f6nlemek ve verilerin muhafazas\u0131n\u0131 sa\u011flamak i\u00e7in uygun g\u00fcvenlik d\u00fczeyini sa\u011flamaya y\u00f6nelik gerekli teknik ve idari tedbirleri almakta, bu kapsamda gerekli denetimleri yapmak veya yapt\u0131rmaktad\u0131r. Bu kapsamda, \u015eirket verileri kaybolmaya, yanl\u0131\u015f kullan\u0131ma ve yetkisiz eri\u015fime, payla\u015f\u0131ma, de\u011fistirilmeye, silinmeye kar\u015f\u0131 korumak i\u00e7in makul seveyide gereken \u00f6nlemleri almaktad\u0131r. Yine bu kapsamda, verileriniz, transfer edilebilecekleri Amerika (Amerika Birlesik Devletleri de dahil), Avrupa, Asya ve\/veya diger yerlerdeki g\u00fcvenli fiziksel alanlarda ve\/veya sunucularda saklanabilecektir.<\/p>\n<h3>K\u0130\u015e\u0130SEL VER\u0130LER\u0130N MUHAFAZA S\u00dcRES\u0130:<\/h3>\n<p>\u015eirket, ki\u015fisel verileri ancak ilgili mevzuatta belirtildi\u011fi veya i\u015flendikleri ama\u00e7 i\u00e7in gerekli olan s\u00fcre kadar muhafaza etmektedir. Bu kapsamda, \u015eirket \u00f6ncelikle ilgili mevzuatta ki\u015fisel verilerin saklanmasi i\u00e7in bir s\u00fcre \u00f6ng\u00f6r\u00fcl\u00fcp \u00f6ng\u00f6r\u00fclmedi\u011fini tespit etmekte, bir s\u00fcre belirlenmi\u015fse bu s\u00fcreye uygun davranmakta, bir s\u00fcre belirlenmemi\u015fse ki\u015fisel verileri i\u015flendikleri ama\u00e7 i\u00e7in gerekli olan s\u00fcre kadar saklamaktad\u0131r. S\u00fcrenin bitimi veya verilerin i\u015flenmesini gerektiren sebeplerin ortadan kalkmas\u0131 halinde kisisel veriler \u015eirket taraf\u0131ndan silinmekte, yok edilmekte veya anonim hale getirilmektedir. Gelecekte kullanma ihtimali ile \u015eirket taraf\u0131ndan ki\u015fisel veriler saklanmamaktad\u0131r.<\/p>\n<p>Bilgilerinize sunulur.<\/p>\n<p>ACECHEM TANKER.<\/p>\n<p>6698 sayili Kisisel Verilerin Korunmasi Kanunu:<br><a href=\"http:\/\/www.mevzuat.gov.tr\/MevzuatMetin\/1.5.6698.pdf\">http:\/\/www.mevzuat.gov.tr\/MevzuatMetin\/1.5.6698.pdf<\/a><\/p>\t\t\t\t\t\t\t\t<\/div>\n\t\t\t\t<\/div>\n\t\t\t\t\t<\/div>\n\t\t\t\t<\/div>\n\t\t\t\t<\/div>\n\t\t","protected":false},"excerpt":{"rendered":"<p>KVKK POL\u0130T\u0130KASI: K\u0130\u015e\u0130SEL VER\u0130LER\u0130N KORUNMASI VE \u0130\u015eLENMES\u0130 POL\u0130T\u0130KASI ACECHEM TANKER K\u0130\u015e\u0130SEL VER\u0130LER\u0130N KORUNMASI VE \u0130\u015eLENMES\u0130 HAKKINDA B\u0130LG\u0130LEND\u0130RME METN\u0130: \u0130\u015fbu bilgilendirmenin temel amac\u0131, ACECEHM TANKER taraf\u0131ndan Ki\u015fisel Verilerin Korunmas\u0131 Kanunu (&#8220;KVKK&#8221;) uyar\u0131nca, Veri Sorumlusu s\u0131fat\u0131yla, hukuka uygun bir bi\u00e7imde y\u00fcr\u00fct\u00fclen ki\u015fisel veri (ki\u015fisel ve \u00f6zel nitelikli ki\u015fisel veriler bundan b\u00f6yle &#8220;veri&#8221; olarak an\u0131lacakt\u0131r) i\u015fleme faaliyeti ve [&hellip;]<\/p>\n","protected":false},"author":1,"featured_media":0,"parent":0,"menu_order":0,"comment_status":"closed","ping_status":"closed","template":"","meta":{"footnotes":""},"class_list":["post-579","page","type-page","status-publish","hentry"],"_links":{"self":[{"href":"https:\/\/acechemtanker.com\/index.php\/wp-json\/wp\/v2\/pages\/579","targetHints":{"allow":["GET"]}}],"collection":[{"href":"https:\/\/acechemtanker.com\/index.php\/wp-json\/wp\/v2\/pages"}],"about":[{"href":"https:\/\/acechemtanker.com\/index.php\/wp-json\/wp\/v2\/types\/page"}],"author":[{"embeddable":true,"href":"https:\/\/acechemtanker.com\/index.php\/wp-json\/wp\/v2\/users\/1"}],"replies":[{"embeddable":true,"href":"https:\/\/acechemtanker.com\/index.php\/wp-json\/wp\/v2\/comments?post=579"}],"version-history":[{"count":12,"href":"https:\/\/acechemtanker.com\/index.php\/wp-json\/wp\/v2\/pages\/579\/revisions"}],"predecessor-version":[{"id":594,"href":"https:\/\/acechemtanker.com\/index.php\/wp-json\/wp\/v2\/pages\/579\/revisions\/594"}],"wp:attachment":[{"href":"https:\/\/acechemtanker.com\/index.php\/wp-json\/wp\/v2\/media?parent=579"}],"curies":[{"name":"wp","href":"https:\/\/api.w.org\/{rel}","templated":true}]}}