{"id":527,"date":"2023-12-27T13:41:56","date_gmt":"2023-12-27T10:41:56","guid":{"rendered":"https:\/\/acechemtanker.com\/?page_id=527"},"modified":"2025-03-14T14:25:35","modified_gmt":"2025-03-14T11:25:35","slug":"contact-us","status":"publish","type":"page","link":"https:\/\/acechemtanker.com\/index.php\/contact-us\/","title":{"rendered":"CONTACT US"},"content":{"rendered":"\t\t<div data-elementor-type=\"wp-page\" data-elementor-id=\"527\" class=\"elementor elementor-527\">\n\t\t\t\t<div class=\"elementor-element elementor-element-40e75fc4 e-flex e-con-boxed e-con e-parent\" data-id=\"40e75fc4\" data-element_type=\"container\">\n\t\t\t\t\t<div class=\"e-con-inner\">\n\t\t\t\t\t<\/div>\n\t\t\t\t<\/div>\n\t\t<div class=\"elementor-element elementor-element-1c1c11f e-flex e-con-boxed e-con e-parent\" data-id=\"1c1c11f\" data-element_type=\"container\">\n\t\t\t\t\t<div class=\"e-con-inner\">\n\t\t<div class=\"elementor-element elementor-element-c2ee6c4 e-con-full e-flex e-con e-child\" data-id=\"c2ee6c4\" data-element_type=\"container\">\n\t\t\t\t<div class=\"elementor-element elementor-element-ee81a1e elementor-widget elementor-widget-text-editor\" data-id=\"ee81a1e\" data-element_type=\"widget\" data-widget_type=\"text-editor.default\">\n\t\t\t\t<div class=\"elementor-widget-container\">\n\t\t\t\t\t\t\t\t\t<div id=\"TextContainer830\" class=\"textContainer1 textContainer\" style=\"color: #333333; font-family: Montserrat, sans-serif;\">\n<h3 style=\"font-family: inherit; font-weight: 500; line-height: 1.1; color: inherit; margin-top: 1em; margin-bottom: 1em; font-size: 1.5em;\"><img decoding=\"async\" class=\"alignnone size-full wp-image-227\" src=\"http:\/\/acechemtanker.com\/wp-content\/uploads\/2023\/12\/logo-site.png\" alt=\"\" width=\"200\" height=\"70\"><\/h3>\n<h3 style=\"font-family: inherit; font-weight: 500; line-height: 1.1; color: inherit; margin-top: 1em; margin-bottom: 1em; font-size: 1.5em;\"><span style=\"font-weight: bold;\">ACECHEM <\/span><small style=\"font-size: 14.625px; line-height: 1; color: #777777;\">ROTTERDAM OFFICE<\/small><\/h3>\n<p>Telephone:&nbsp;<a style=\"background-color: transparent; color: #2a81c3; border-radius: 0px !important;\" href=\"tel:+31106100100\">+31 10 610 01 00<\/a>&nbsp;(pbx)<\/p>\n<p>Email:&nbsp;<a style=\"background-color: transparent; color: #2a81c3; border-radius: 0px !important;\" href=\"mailto:info@acechemtanker.com\">info@acechemtanker.com<\/a><\/p>\n<p>Address: World Trade Center Rotterdam 4.05 | Beursplein 37, 3011 AA Rotterdam \/ The Netherlands<\/p>\n<h3 style=\"font-family: inherit; font-weight: 500; line-height: 1.1; color: inherit; margin-top: 1em; margin-bottom: 1em; font-size: 1.5em;\"><span style=\"font-weight: bold;\">ACECHEM<\/span>&nbsp;<small style=\"font-size: 14.625px; line-height: 1; color: #777777;\">ISTANBUL OFFICE<\/small><\/h3>\n<p>Telephone:&nbsp;<a style=\"background-color: transparent; color: #2a81c3; border-radius: 0px !important;\" href=\"tel:+902164938330\">+90 (216) 493 83 30<\/a>&nbsp;(pbx)<\/p>\n<p>Fax: +90 (216) 493 83 32<\/p>\n<p>Email:&nbsp;<a style=\"background-color: transparent; color: #2a81c3; border-radius: 0px !important;\" href=\"mailto:info@acechemtanker.com\">info@acechemtanker.com<\/a><\/p>\n<p>Address: Postane mah. Ecla sk. No. 21 34940 Tuzla &#8211; Istanbul\/Turkey<\/p>\n<div id=\"gtx-trans\" style=\"position: absolute; left: 45px; top: 244.062px;\">&nbsp;<\/div>\n<\/div>\n<div id=\"TextContainer1032\" class=\"textContainer1 textContainer\" style=\"color: #333333; font-family: Montserrat, sans-serif;\">\n<h3 style=\"font-family: inherit; font-weight: 500; line-height: 1.1; color: inherit; margin-top: 1em; margin-bottom: 1em; font-size: 1.5em;\">&nbsp;<span style=\"color: #ff0000;\"><span style=\"font-weight: bold;\"><span style=\"font-size: large;\">EMERGENCY CONTACT NUMBER:<\/span><\/span><\/span><\/h3>\n<p><a style=\"background-color: transparent; color: #2a81c3; border-radius: 0px !important;\" href=\"tel:+902164940447\"><span style=\"color: #ff0000;\"><span style=\"font-weight: bold;\"><span style=\"font-size: large;\">+90 216 494 04 47<\/span><\/span><\/span><\/a><\/p>\n<p><span style=\"color: #000000;\"><span style=\"font-size: medium;\">Primary corresponding address related&nbsp;to emergency is&nbsp;<span style=\"color: #666699;\"><a style=\"background-color: transparent; color: #2a81c3; border-radius: 0px !important;\" href=\"mailto:casualty@acechemtanker.com\">casualty@acechemtanker.com<\/a><\/span><\/span><\/span><\/p>\n<p><span style=\"color: #000000;\"><span style=\"font-size: medium;\">In case of failure of this emergency e-mail address&nbsp;<a style=\"background-color: transparent; color: #2a81c3; border-radius: 0px !important;\" href=\"mailto:info@acechemtanker.com\">info@acechemtanker.com<\/a>&nbsp;should be used as alternative.<\/span><\/span><\/p>\n<p><span style=\"color: #000000;\"><span style=\"font-size: medium;\">On failure to contact via acechemtanker.com domain;&nbsp;<a style=\"background-color: transparent; color: #2a81c3; border-radius: 0px !important;\" href=\"mailto:casualty.acechem@gmail.com\">casualty.acechem@gmail.com<\/a>&nbsp;should be used as alternative.<\/span><\/span><\/p>\n<\/div>\t\t\t\t\t\t\t\t<\/div>\n\t\t\t\t<\/div>\n\t\t\t\t<\/div>\n\t\t<div class=\"elementor-element elementor-element-07ada1b e-con-full e-flex e-con e-child\" data-id=\"07ada1b\" data-element_type=\"container\">\n\t\t\t\t<div class=\"elementor-element elementor-element-fd4d711 elementor-widget elementor-widget-html\" data-id=\"fd4d711\" data-element_type=\"widget\" data-widget_type=\"html.default\">\n\t\t\t\t<div class=\"elementor-widget-container\">\n\t\t\t\t\t<div class=\"wpforms-container wpforms-container-full wpforms-render-modern\" id=\"wpforms-509\"><form id=\"wpforms-form-509\" class=\"wpforms-validate wpforms-form wpforms-ajax-form\" data-formid=\"509\" method=\"post\" enctype=\"multipart\/form-data\" action=\"\/index.php\/wp-json\/wp\/v2\/pages\/527\" data-token=\"97a0d15bc00ad2db2b57a14cad797717\"><noscript class=\"wpforms-error-noscript\">Bu formu bitirebilmek i\u00e7in taray\u0131c\u0131n\u0131zda JavaScript&#039;i etkinle\u015ftirin.<\/noscript><div class=\"wpforms-hidden\" id=\"wpforms-error-noscript\">Bu formu bitirebilmek i\u00e7in taray\u0131c\u0131n\u0131zda JavaScript&#039;i etkinle\u015ftirin.<\/div><div class=\"wpforms-field-container\"><div id=\"wpforms-509-field_2-container\" class=\"wpforms-field wpforms-field-name\" data-field-id=\"2\"><label class=\"wpforms-field-label\" for=\"wpforms-509-field_2\">Name, Surname * <span class=\"wpforms-required-label\" aria-hidden=\"true\">*<\/span><\/label><input type=\"text\" id=\"wpforms-509-field_2\" class=\"wpforms-field-medium wpforms-field-required\" name=\"wpforms[fields][2]\" aria-errormessage=\"wpforms-509-field_2-error\" required><\/div><div id=\"wpforms-509-field_3-container\" class=\"wpforms-field wpforms-field-email\" data-field-id=\"3\"><label class=\"wpforms-field-label\" for=\"wpforms-509-field_3\">E-Mail <span class=\"wpforms-required-label\" aria-hidden=\"true\">*<\/span><\/label><input type=\"email\" id=\"wpforms-509-field_3\" class=\"wpforms-field-medium wpforms-field-required\" name=\"wpforms[fields][3]\" spellcheck=\"false\" aria-errormessage=\"wpforms-509-field_3-error\" required><\/div><div id=\"wpforms-509-field_4-container\" class=\"wpforms-field wpforms-field-phone\" data-field-id=\"4\"><label class=\"wpforms-field-label\" for=\"wpforms-509-field_4\">Phone<\/label><input type=\"tel\" id=\"wpforms-509-field_4\" class=\"wpforms-field-medium wpforms-smart-phone-field\" data-rule-smart-phone-field=\"true\" name=\"wpforms[fields][4]\" aria-errormessage=\"wpforms-509-field_4-error\" ><\/div><div id=\"wpforms-509-field_1-container\" class=\"wpforms-field wpforms-field-textarea\" data-field-id=\"1\"><label class=\"wpforms-field-label\" for=\"wpforms-509-field_1\">Subject <span class=\"wpforms-required-label\" aria-hidden=\"true\">*<\/span><\/label><textarea id=\"wpforms-509-field_1\" class=\"wpforms-field-medium wpforms-field-required\" name=\"wpforms[fields][1]\" aria-errormessage=\"wpforms-509-field_1-error\" required><\/textarea><\/div><\/div><!-- .wpforms-field-container --><div class=\"wpforms-submit-container\" ><input type=\"hidden\" name=\"wpforms[id]\" value=\"509\"><input type=\"hidden\" name=\"wpforms[author]\" value=\"1\"><button type=\"submit\" name=\"wpforms[submit]\" id=\"wpforms-submit-509\" class=\"wpforms-submit\" data-alt-text=\"G\u00f6nderiliyor...\" data-submit-text=\"Send\" aria-live=\"assertive\" value=\"wpforms-submit\">Send<\/button><img decoding=\"async\" src=\"https:\/\/acechemtanker.com\/wp-content\/plugins\/wpforms\/assets\/images\/submit-spin.svg\" class=\"wpforms-submit-spinner\" style=\"display: none;\" width=\"26\" height=\"26\" alt=\"Y\u00fckleniyor\"><\/div><\/form><\/div>  <!-- .wpforms-container -->\t\t\t\t\t<\/div>\n\t\t\t\t<\/div>\n\t\t\t\t<\/div>\n\t\t\t\t\t<\/div>\n\t\t\t\t<\/div>\n\t\t<div class=\"elementor-element elementor-element-4a48b6e e-flex e-con-boxed e-con e-parent\" data-id=\"4a48b6e\" data-element_type=\"container\">\n\t\t\t\t\t<div class=\"e-con-inner\">\n\t\t<div class=\"elementor-element elementor-element-8a98a7c e-con-full e-flex e-con e-child\" data-id=\"8a98a7c\" data-element_type=\"container\">\n\t\t\t\t<div class=\"elementor-element elementor-element-d5b944c elementor-widget__width-initial elementor-widget elementor-widget-google_maps\" data-id=\"d5b944c\" data-element_type=\"widget\" data-widget_type=\"google_maps.default\">\n\t\t\t\t<div class=\"elementor-widget-container\">\n\t\t\t\t\t\t\t<div class=\"elementor-custom-embed\">\n\t\t\t<iframe loading=\"lazy\"\n\t\t\t\t\tsrc=\"https:\/\/maps.google.com\/maps?q=world%20trade%20center%20rotterdam&#038;t=m&#038;z=15&#038;output=embed&#038;iwloc=near\"\n\t\t\t\t\ttitle=\"world trade center rotterdam\"\n\t\t\t\t\taria-label=\"world trade center rotterdam\"\n\t\t\t><\/iframe>\n\t\t<\/div>\n\t\t\t\t\t\t<\/div>\n\t\t\t\t<\/div>\n\t\t\t\t<\/div>\n\t\t<div class=\"elementor-element elementor-element-484c371 e-con-full e-flex e-con e-child\" data-id=\"484c371\" data-element_type=\"container\">\n\t\t\t\t<div class=\"elementor-element elementor-element-b942b52 elementor-widget elementor-widget-google_maps\" data-id=\"b942b52\" data-element_type=\"widget\" data-widget_type=\"google_maps.default\">\n\t\t\t\t<div class=\"elementor-widget-container\">\n\t\t\t\t\t\t\t<div class=\"elementor-custom-embed\">\n\t\t\t<iframe loading=\"lazy\"\n\t\t\t\t\tsrc=\"https:\/\/maps.google.com\/maps?q=acechem%20tanker&#038;t=m&#038;z=15&#038;output=embed&#038;iwloc=near\"\n\t\t\t\t\ttitle=\"acechem tanker\"\n\t\t\t\t\taria-label=\"acechem tanker\"\n\t\t\t><\/iframe>\n\t\t<\/div>\n\t\t\t\t\t\t<\/div>\n\t\t\t\t<\/div>\n\t\t\t\t<\/div>\n\t\t\t\t\t<\/div>\n\t\t\t\t<\/div>\n\t\t\t\t<\/div>\n\t\t","protected":false},"excerpt":{"rendered":"<p>ACECHEM ROTTERDAM OFFICE Telephone:&nbsp;+31 10 610 01 00&nbsp;(pbx) Email:&nbsp;info@acechemtanker.com Address: World Trade Center Rotterdam 4.05 | Beursplein 37, 3011 AA Rotterdam \/ The Netherlands ACECHEM&nbsp;ISTANBUL OFFICE Telephone:&nbsp;+90 (216) 493 83 30&nbsp;(pbx) Fax: +90 (216) 493 83 32 Email:&nbsp;info@acechemtanker.com Address: Postane mah. Ecla sk. No. 21 34940 Tuzla &#8211; Istanbul\/Turkey &nbsp; &nbsp;EMERGENCY CONTACT NUMBER: +90 216 [&hellip;]<\/p>\n","protected":false},"author":1,"featured_media":0,"parent":0,"menu_order":1,"comment_status":"closed","ping_status":"closed","template":"","meta":{"footnotes":""},"class_list":["post-527","page","type-page","status-publish","hentry"],"_links":{"self":[{"href":"https:\/\/acechemtanker.com\/index.php\/wp-json\/wp\/v2\/pages\/527","targetHints":{"allow":["GET"]}}],"collection":[{"href":"https:\/\/acechemtanker.com\/index.php\/wp-json\/wp\/v2\/pages"}],"about":[{"href":"https:\/\/acechemtanker.com\/index.php\/wp-json\/wp\/v2\/types\/page"}],"author":[{"embeddable":true,"href":"https:\/\/acechemtanker.com\/index.php\/wp-json\/wp\/v2\/users\/1"}],"replies":[{"embeddable":true,"href":"https:\/\/acechemtanker.com\/index.php\/wp-json\/wp\/v2\/comments?post=527"}],"version-history":[{"count":37,"href":"https:\/\/acechemtanker.com\/index.php\/wp-json\/wp\/v2\/pages\/527\/revisions"}],"predecessor-version":[{"id":973,"href":"https:\/\/acechemtanker.com\/index.php\/wp-json\/wp\/v2\/pages\/527\/revisions\/973"}],"wp:attachment":[{"href":"https:\/\/acechemtanker.com\/index.php\/wp-json\/wp\/v2\/media?parent=527"}],"curies":[{"name":"wp","href":"https:\/\/api.w.org\/{rel}","templated":true}]}}